{"id":3965,"date":"2017-04-08T23:03:28","date_gmt":"2017-04-08T23:03:28","guid":{"rendered":"http:\/\/sebsend.net\/?page_id=3965"},"modified":"2022-09-15T20:36:36","modified_gmt":"2022-09-15T20:36:36","slug":"privat","status":"publish","type":"page","link":"https:\/\/ra-soest.de\/?page_id=3965","title":{"rendered":"Privat"},"content":{"rendered":"<p><img loading=\"lazy\" decoding=\"async\" class=\"alignleft wp-image-4179\" src=\"http:\/\/ra-soest.de\/wp-content\/uploads\/2017\/04\/DSCN4921a-547x1024.jpg\" alt=\"\" width=\"267\" height=\"500\" srcset=\"https:\/\/ra-soest.de\/wp-content\/uploads\/2017\/04\/DSCN4921a-547x1024.jpg 547w, https:\/\/ra-soest.de\/wp-content\/uploads\/2017\/04\/DSCN4921a-160x300.jpg 160w, https:\/\/ra-soest.de\/wp-content\/uploads\/2017\/04\/DSCN4921a-768x1436.jpg 768w, https:\/\/ra-soest.de\/wp-content\/uploads\/2017\/04\/DSCN4921a-294x550.jpg 294w, https:\/\/ra-soest.de\/wp-content\/uploads\/2017\/04\/DSCN4921a.jpg 802w\" sizes=\"auto, (max-width: 267px) 100vw, 267px\" \/>Der Kanzleigr\u00fcnder ist verheiratet mit der Notarin, Rechtsanw\u00e4ltin und Fachanw\u00e4ltin f\u00fcr Verwaltungsrecht, Familienrecht sowie Lehrbeauftragten an der Fachhochschule f\u00fcr \u00f6ffentliche Verwaltung in NRW, Dr. jur. Dorothee H\u00f6cker, die Soziet\u00e4tsmitglied der Dortmunder Gro\u00dfkanzlei Ehlers &amp; Feldmeier ist.<\/p>\n<p>Zwei S\u00f6hne sind der gemeinsame Stolz. Wassersport, Fu\u00dfball und Tennis sind im Sommer gemeinsamer Begleiter der Familie. Im Winter ist der Skisport und der Eishockeysport von Bedeutung. Ganzj\u00e4hrig sind Strategiespiele wie Schach und M\u00fchle eine gro\u00dfe Leidenschaft.<\/p>\n<p>Im Jahre 2009 errang der Kanzleigr\u00fcnder in seinem Heimatort die K\u00f6nigsw\u00fcrde der Sch\u00fctzenbruderschaft St. Sebastianus vom Heiligen Hubertus 1827 zu M\u00f6hnesee-Wamel. Dies wiederholte sich im Jahre 2022.<\/p>\n","protected":false},"excerpt":{"rendered":"<p>Der Kanzleigr\u00fcnder ist verheiratet mit der Notarin, Rechtsanw\u00e4ltin und Fachanw\u00e4ltin f\u00fcr Verwaltungsrecht, Familienrecht sowie Lehrbeauftragten an der Fachhochschule f\u00fcr \u00f6ffentliche Verwaltung in NRW, Dr. jur. Dorothee H\u00f6cker, die Soziet\u00e4tsmitglied der Dortmunder Gro\u00dfkanzlei Ehlers &amp; Feldmeier ist. Zwei S\u00f6hne sind der gemeinsame Stolz. Wassersport, Fu\u00dfball und Tennis sind im Sommer gemeinsamer Begleiter der Familie. Im Winter ist der Skisport und der Eishockeysport von Bedeutung. Ganzj\u00e4hrig sind Strategiespiele wie Schach und M\u00fchle eine gro\u00dfe Leidenschaft. Im Jahre 2009 errang der Kanzleigr\u00fcnder in seinem Heimatort die K\u00f6nigsw\u00fcrde der Sch\u00fctzenbruderschaft St. Sebastianus vom Heiligen Hubertus 1827 zu M\u00f6hnesee-Wamel. Dies wiederholte sich im Jahre 2022.<span class=\"more-link-wrap\"><a class=\"more-link\" href=\"https:\/\/ra-soest.de\/?page_id=3965\">Read More &rarr;<\/a><\/span><\/p>\n","protected":false},"author":1,"featured_media":0,"parent":0,"menu_order":0,"comment_status":"closed","ping_status":"closed","template":"","meta":{"footnotes":""},"class_list":["entry","author-sendlak","post-3965","page","type-page","status-publish"],"_links":{"self":[{"href":"https:\/\/ra-soest.de\/index.php?rest_route=\/wp\/v2\/pages\/3965","targetHints":{"allow":["GET"]}}],"collection":[{"href":"https:\/\/ra-soest.de\/index.php?rest_route=\/wp\/v2\/pages"}],"about":[{"href":"https:\/\/ra-soest.de\/index.php?rest_route=\/wp\/v2\/types\/page"}],"author":[{"embeddable":true,"href":"https:\/\/ra-soest.de\/index.php?rest_route=\/wp\/v2\/users\/1"}],"replies":[{"embeddable":true,"href":"https:\/\/ra-soest.de\/index.php?rest_route=%2Fwp%2Fv2%2Fcomments&post=3965"}],"version-history":[{"count":11,"href":"https:\/\/ra-soest.de\/index.php?rest_route=\/wp\/v2\/pages\/3965\/revisions"}],"predecessor-version":[{"id":4424,"href":"https:\/\/ra-soest.de\/index.php?rest_route=\/wp\/v2\/pages\/3965\/revisions\/4424"}],"wp:attachment":[{"href":"https:\/\/ra-soest.de\/index.php?rest_route=%2Fwp%2Fv2%2Fmedia&parent=3965"}],"curies":[{"name":"wp","href":"https:\/\/api.w.org\/{rel}","templated":true}]}}