{"id":3963,"date":"2017-04-08T23:03:19","date_gmt":"2017-04-08T23:03:19","guid":{"rendered":"http:\/\/sebsend.net\/?page_id=3963"},"modified":"2017-09-16T19:50:34","modified_gmt":"2017-09-16T19:50:34","slug":"vita","status":"publish","type":"page","link":"https:\/\/ra-soest.de\/?page_id=3963","title":{"rendered":"Vita"},"content":{"rendered":"<p>Der Kanzleigr\u00fcnder Burkhard K.J. H\u00f6cker studierte erfolgreich an der Fakult\u00e4t f\u00fcr Rechtswissenschaften der traditionsreichen Westf\u00e4lischen-Wilhelms-Universit\u00e4t zu M\u00fcnster.<\/p>\n<p>Neben dem erfolgreichen Abschluss des 1. juristischen Staatsexamens wurde ihm von der Westf\u00e4lischen-Wilhelms-Universit\u00e4t M\u00fcnster der Titel des Diplom-Juristen verliehen.<\/p>\n<p><img loading=\"lazy\" decoding=\"async\" class=\"alignright wp-image-3981 size-large\" src=\"http:\/\/ra-soest.de\/wp-content\/uploads\/2017\/04\/Header_0002-1024x360.jpg\" alt=\"\" width=\"1024\" height=\"360\" srcset=\"https:\/\/ra-soest.de\/wp-content\/uploads\/2017\/04\/Header_0002-1024x360.jpg 1024w, https:\/\/ra-soest.de\/wp-content\/uploads\/2017\/04\/Header_0002-300x106.jpg 300w, https:\/\/ra-soest.de\/wp-content\/uploads\/2017\/04\/Header_0002-768x270.jpg 768w, https:\/\/ra-soest.de\/wp-content\/uploads\/2017\/04\/Header_0002-425x149.jpg 425w, https:\/\/ra-soest.de\/wp-content\/uploads\/2017\/04\/Header_0002.jpg 1800w\" sizes=\"auto, (max-width: 1024px) 100vw, 1024px\" \/>Ausbildungsstelle zum 2. juristischen Staatsexamen war das Landgericht Hagen. Im Rahmen des Referendariatsdienstes beim Land NRW wurden diverse Stationen absolviert.<\/p>\n<p>In der Absicht, nach der Ausbildung eine eigene Rechtsanwaltskanzlei zu er\u00f6ffnen, war gew\u00e4hlte Schwerpunktstation \u00fcber 9 Monate eine Rechtsanwaltskanzlei in Gevelsberg. Vor dem Hintergrund, die selbstst\u00e4ndige Rechtsanwaltskanzlei H\u00f6cker in Soest zu er\u00f6ffnen, war die Kreisverwaltung Soest weitere gew\u00e4hlte Ausbildungsstelle. Zudem waren Ausbildungsstellen und Dienststellen das Amtsgericht Iserlohn, die Bezirksregierung M\u00fcnster, die Stadt Castrop-Rauxel und die Staatsanwaltschaft Hagen.<\/p>\n<p>Zwei Monate am Lehrstuhl f\u00fcr Europ\u00e4isches und Deutsches Recht an der staatlichen Universit\u00e4t zu Niigata in Japan sind bleibende Erfahrung und Erinnerung.<\/p>\n<p>Umgehend nach erfolgreichem Abschluss des 2. juristischen Staatsexamens und der Ernennung des Kanzleigr\u00fcnders zum Volljuristen arbeitete dieser zun\u00e4chst bei einem Dortmunder Unternehmen als Firmenjurist. Dortmund war neben M\u00fcnster, K\u00f6ln und Soest einer der Wohnsitze des Kanzleigr\u00fcnders. Mit der Kanzleigr\u00fcndung wurde das Dortmunder Unternehmen zum ersten \u201eGro\u00dfmandanten\u201c, wodurch die sukzessive Erweiterung des Mandantenstammes gew\u00e4hrleistet werden konnte.<\/p>\n<p>Der Kanzleigr\u00fcnder absolvierte vor seinem beruflichen Werdegang seine Zivildienststationen, die in Tr\u00e4gerschaft des Diakonischen Werkes standen, in Bad Sassendorf-Beusingsen und in K\u00f6ln. T\u00e4tigkeitsgebiete waren die individuelle Schwerstbehindertenbetreuung und ein Langzeitdrogentherapiezentrum.<\/p>\n<p>Der in der Gemeinde M\u00f6hnesee geborene und aufgewachsene Kanzleigr\u00fcnder hat seine allgemeine Hochschulreife am Aldegrever-Gymnasium in Soest erworben und den Bezug zu seiner Heimatstadt nie verloren.<\/p>\n","protected":false},"excerpt":{"rendered":"<p>Der Kanzleigr\u00fcnder Burkhard K.J. H\u00f6cker studierte erfolgreich an der Fakult\u00e4t f\u00fcr Rechtswissenschaften der traditionsreichen Westf\u00e4lischen-Wilhelms-Universit\u00e4t zu M\u00fcnster. Neben dem erfolgreichen Abschluss des 1. juristischen Staatsexamens wurde ihm von der Westf\u00e4lischen-Wilhelms-Universit\u00e4t M\u00fcnster der Titel des Diplom-Juristen verliehen. Ausbildungsstelle zum 2. juristischen Staatsexamen war das Landgericht Hagen. Im Rahmen des Referendariatsdienstes beim Land NRW wurden diverse Stationen absolviert. In der Absicht, nach der Ausbildung eine eigene Rechtsanwaltskanzlei zu er\u00f6ffnen, war gew\u00e4hlte Schwerpunktstation \u00fcber 9 Monate eine Rechtsanwaltskanzlei in Gevelsberg. Vor dem Hintergrund, die selbstst\u00e4ndige Rechtsanwaltskanzlei H\u00f6cker in Soest zu er\u00f6ffnen, war die Kreisverwaltung Soest weitere gew\u00e4hlte Ausbildungsstelle. Zudem waren Ausbildungsstellen und Dienststellen das Amtsgericht Iserlohn, die Bezirksregierung<span class=\"more-link-wrap\"><a class=\"more-link\" href=\"https:\/\/ra-soest.de\/?page_id=3963\">Read More &rarr;<\/a><\/span><\/p>\n","protected":false},"author":1,"featured_media":0,"parent":0,"menu_order":0,"comment_status":"closed","ping_status":"closed","template":"","meta":{"footnotes":""},"class_list":["entry","author-sendlak","post-3963","page","type-page","status-publish"],"_links":{"self":[{"href":"https:\/\/ra-soest.de\/index.php?rest_route=\/wp\/v2\/pages\/3963","targetHints":{"allow":["GET"]}}],"collection":[{"href":"https:\/\/ra-soest.de\/index.php?rest_route=\/wp\/v2\/pages"}],"about":[{"href":"https:\/\/ra-soest.de\/index.php?rest_route=\/wp\/v2\/types\/page"}],"author":[{"embeddable":true,"href":"https:\/\/ra-soest.de\/index.php?rest_route=\/wp\/v2\/users\/1"}],"replies":[{"embeddable":true,"href":"https:\/\/ra-soest.de\/index.php?rest_route=%2Fwp%2Fv2%2Fcomments&post=3963"}],"version-history":[{"count":5,"href":"https:\/\/ra-soest.de\/index.php?rest_route=\/wp\/v2\/pages\/3963\/revisions"}],"predecessor-version":[{"id":4108,"href":"https:\/\/ra-soest.de\/index.php?rest_route=\/wp\/v2\/pages\/3963\/revisions\/4108"}],"wp:attachment":[{"href":"https:\/\/ra-soest.de\/index.php?rest_route=%2Fwp%2Fv2%2Fmedia&parent=3963"}],"curies":[{"name":"wp","href":"https:\/\/api.w.org\/{rel}","templated":true}]}}