{"id":3881,"date":"2017-03-13T12:33:45","date_gmt":"2017-03-13T12:33:45","guid":{"rendered":"http:\/\/sebsend.net\/?page_id=3881"},"modified":"2017-09-16T19:40:51","modified_gmt":"2017-09-16T19:40:51","slug":"kooperationen","status":"publish","type":"page","link":"https:\/\/ra-soest.de\/?page_id=3881","title":{"rendered":"Kooperationen"},"content":{"rendered":"<p>\u00dcberregionale, deutschlandweite Kooperationen sowie Netzwerke sind aus Sicht des Kanzleigr\u00fcnders unverzichtbar.<\/p>\n<p>Daher findet ein st\u00e4ndiger, auch \u00fcberregionaler Austausch mit Juristen \u00fcber aktuelle Rechtsentwicklungen statt. Als Rechtsanwalt ist der Austausch mit Staatsanw\u00e4lten, Richtern, Rechtsamtsleitern, Justizbesch\u00e4ftigten und Kollegen\/innen von weiterbildender und nicht zu untersch\u00e4tzender Bedeutung. Das Netzwerk wird seit Studiumbeginn gepflegt und ausgebaut. Zudem findet ein ebenso wichtiger und st\u00e4ndiger, auch \u00fcberregionaler Austausch mit Sachverst\u00e4ndigen der jeweiligen Fachgebiete statt.<\/p>\n<p>Im Ergebnis kann so die sachgerechte und erfolgreiche Bearbeitung des jeweiligen Mandates sicher gestellt werden.<\/p>\n","protected":false},"excerpt":{"rendered":"<p>\u00dcberregionale, deutschlandweite Kooperationen sowie Netzwerke sind aus Sicht des Kanzleigr\u00fcnders unverzichtbar. Daher findet ein st\u00e4ndiger, auch \u00fcberregionaler Austausch mit Juristen \u00fcber aktuelle Rechtsentwicklungen statt. Als Rechtsanwalt ist der Austausch mit Staatsanw\u00e4lten, Richtern, Rechtsamtsleitern, Justizbesch\u00e4ftigten und Kollegen\/innen von weiterbildender und nicht zu untersch\u00e4tzender Bedeutung. Das Netzwerk wird seit Studiumbeginn gepflegt und ausgebaut. Zudem findet ein ebenso wichtiger und st\u00e4ndiger, auch \u00fcberregionaler Austausch mit Sachverst\u00e4ndigen der jeweiligen Fachgebiete statt. Im Ergebnis kann so die sachgerechte und erfolgreiche Bearbeitung des jeweiligen Mandates sicher gestellt werden.<span class=\"more-link-wrap\"><a class=\"more-link\" href=\"https:\/\/ra-soest.de\/?page_id=3881\">Read More &rarr;<\/a><\/span><\/p>\n","protected":false},"author":1,"featured_media":0,"parent":0,"menu_order":0,"comment_status":"closed","ping_status":"closed","template":"","meta":{"footnotes":""},"class_list":["entry","author-sendlak","post-3881","page","type-page","status-publish"],"_links":{"self":[{"href":"https:\/\/ra-soest.de\/index.php?rest_route=\/wp\/v2\/pages\/3881","targetHints":{"allow":["GET"]}}],"collection":[{"href":"https:\/\/ra-soest.de\/index.php?rest_route=\/wp\/v2\/pages"}],"about":[{"href":"https:\/\/ra-soest.de\/index.php?rest_route=\/wp\/v2\/types\/page"}],"author":[{"embeddable":true,"href":"https:\/\/ra-soest.de\/index.php?rest_route=\/wp\/v2\/users\/1"}],"replies":[{"embeddable":true,"href":"https:\/\/ra-soest.de\/index.php?rest_route=%2Fwp%2Fv2%2Fcomments&post=3881"}],"version-history":[{"count":4,"href":"https:\/\/ra-soest.de\/index.php?rest_route=\/wp\/v2\/pages\/3881\/revisions"}],"predecessor-version":[{"id":4107,"href":"https:\/\/ra-soest.de\/index.php?rest_route=\/wp\/v2\/pages\/3881\/revisions\/4107"}],"wp:attachment":[{"href":"https:\/\/ra-soest.de\/index.php?rest_route=%2Fwp%2Fv2%2Fmedia&parent=3881"}],"curies":[{"name":"wp","href":"https:\/\/api.w.org\/{rel}","templated":true}]}}