{"id":3878,"date":"2017-03-13T12:33:01","date_gmt":"2017-03-13T12:33:01","guid":{"rendered":"http:\/\/sebsend.net\/?page_id=3878"},"modified":"2021-03-21T10:28:33","modified_gmt":"2021-03-21T10:28:33","slug":"mitgliedschaft","status":"publish","type":"page","link":"https:\/\/ra-soest.de\/?page_id=3878","title":{"rendered":"Mitgliedschaften"},"content":{"rendered":"<p><img loading=\"lazy\" decoding=\"async\" class=\"size-full wp-image-4175 alignright\" src=\"http:\/\/ra-soest.de\/wp-content\/uploads\/2017\/03\/Logo_rak_hamm.png\" alt=\"\" width=\"298\" height=\"156\" \/>&#8211; Bundesrechtsanwaltskammer<\/p>\n<p>&#8211; Deutscher Anwaltverein e.V. (DAV)<\/p>\n<p>&#8211; Rechtsanwaltskammer Hamm<\/p>\n<p>&#8211; Soester Anwaltverein e. V.<\/p>\n<p>&#8211; Arbeitsgemeinschaft Arbeitsrecht im DAV<\/p>\n<p>&#8211; Versorgungswerk der Rechtsanw\u00e4lte im Land Nordrhein-Westfalen<\/p>\n<p>&nbsp;<\/p>\n<p>&#8211; Soester Eishockey-Gemeinschaft \u201eDie B\u00f6rdeindianer\u201c e.V.<\/p>\n<p>&#8211; Tennisclub Blau Weiss Soest e.V.<\/p>\n<p>&#8211; St. Hubertus Sch\u00fctzenbruderschaft 1827 zu M\u00f6hnesee-Wamel<br \/>\n&#8211; Sch\u00fctzenbruderschaft St. Jakobus Stockum-Neuhaus<br \/>\n&#8211; Sch\u00fctzenverein St. Michael V\u00f6llinghausen<\/p>\n","protected":false},"excerpt":{"rendered":"<p>&#8211; Bundesrechtsanwaltskammer &#8211; Deutscher Anwaltverein e.V. (DAV) &#8211; Rechtsanwaltskammer Hamm &#8211; Soester Anwaltverein e. V. &#8211; Arbeitsgemeinschaft Arbeitsrecht im DAV &#8211; Versorgungswerk der Rechtsanw\u00e4lte im Land Nordrhein-Westfalen &nbsp; &#8211; Soester Eishockey-Gemeinschaft \u201eDie B\u00f6rdeindianer\u201c e.V. &#8211; Tennisclub Blau Weiss Soest e.V. &#8211; St. Hubertus Sch\u00fctzenbruderschaft 1827 zu M\u00f6hnesee-Wamel &#8211; Sch\u00fctzenbruderschaft St. Jakobus Stockum-Neuhaus &#8211; Sch\u00fctzenverein St. Michael V\u00f6llinghausen<span class=\"more-link-wrap\"><a class=\"more-link\" href=\"https:\/\/ra-soest.de\/?page_id=3878\">Read More &rarr;<\/a><\/span><\/p>\n","protected":false},"author":1,"featured_media":4166,"parent":0,"menu_order":0,"comment_status":"closed","ping_status":"closed","template":"","meta":{"footnotes":""},"class_list":["entry","author-sendlak","post-3878","page","type-page","status-publish","has-post-thumbnail"],"_links":{"self":[{"href":"https:\/\/ra-soest.de\/index.php?rest_route=\/wp\/v2\/pages\/3878","targetHints":{"allow":["GET"]}}],"collection":[{"href":"https:\/\/ra-soest.de\/index.php?rest_route=\/wp\/v2\/pages"}],"about":[{"href":"https:\/\/ra-soest.de\/index.php?rest_route=\/wp\/v2\/types\/page"}],"author":[{"embeddable":true,"href":"https:\/\/ra-soest.de\/index.php?rest_route=\/wp\/v2\/users\/1"}],"replies":[{"embeddable":true,"href":"https:\/\/ra-soest.de\/index.php?rest_route=%2Fwp%2Fv2%2Fcomments&post=3878"}],"version-history":[{"count":11,"href":"https:\/\/ra-soest.de\/index.php?rest_route=\/wp\/v2\/pages\/3878\/revisions"}],"predecessor-version":[{"id":4357,"href":"https:\/\/ra-soest.de\/index.php?rest_route=\/wp\/v2\/pages\/3878\/revisions\/4357"}],"wp:featuredmedia":[{"embeddable":true,"href":"https:\/\/ra-soest.de\/index.php?rest_route=\/wp\/v2\/media\/4166"}],"wp:attachment":[{"href":"https:\/\/ra-soest.de\/index.php?rest_route=%2Fwp%2Fv2%2Fmedia&parent=3878"}],"curies":[{"name":"wp","href":"https:\/\/api.w.org\/{rel}","templated":true}]}}